{"id":1545,"date":"2018-02-06T02:20:05","date_gmt":"2018-02-06T02:20:05","guid":{"rendered":"https:\/\/www.travelhallo.com\/over-travel-hallo\/"},"modified":"2018-02-06T02:26:36","modified_gmt":"2018-02-06T02:26:36","slug":"hakkimizda","status":"publish","type":"page","link":"https:\/\/www.travelhallo.com\/tr\/hakkimizda\/","title":{"rendered":"Hakk\u0131m\u0131zda"},"content":{"rendered":"<p>[vc_row][vc_column width=&#8221;3\/4&#8243;][vc_column_text]<\/p>\n<h2><strong>Hakk\u0131m\u0131zda <\/strong><\/h2>\n<p>Travel Hallo sizlere d\u00fcnyay\u0131 en iyi \u015fekilde ke\u015ffetmek i\u00e7in profesyonel T\u00fcrk\u00e7e\/Hollandaca\/ingilizce yerel rehberler e\u015fli\u011finde ke\u015ffetmek i\u00e7in s\u0131n\u0131rs\u0131z f\u0131rsatlar sunar. 15 \u00fclkede ve 47 \u015fehirde Hollanda geneli Almanya Bel\u00e7ikadan kat\u0131labilece\u011fimiz turlar sunar. K\u00fclt\u00fcr turlar\u0131n\u0131z\u0131 unutulmaz k\u0131lan travel Hallo gerek u\u00e7akl\u0131 gerek otob\u00fcs turlar\u0131yla her y\u0131l y\u00fczlerce misafirine yeni \u015fehirler tan\u0131t\u0131r.Bay bayan \u00e7ocuk ailece kat\u0131labilece\u011finiz turlar sunar. \u015eirket olarak en \u00f6nemli \u00f6zelli\u011fimiz m\u00fc\u015fteri memnuniyeti odakl\u0131 hizmet g\u00fcler y\u00fczl\u00fcl\u00fck y\u0131llar\u0131n tecr\u00fcbesi g\u00fcvencemiz deneyimli ve sa\u011flam bir altyap\u0131m\u0131z olmas\u0131d\u0131r.[\/vc_column_text][\/vc_column][vc_column width=&#8221;1\/4&#8243;][vc_single_image image=&#8221;1538&#8243; img_size=&#8221;full&#8221; style=&#8221;vc_box_shadow_border_circle&#8221;][\/vc_column][\/vc_row]<\/p>\n","protected":false},"excerpt":{"rendered":"<p>[vc_row][vc_column width=&#8221;3\/4&#8243;][vc_column_text] Hakk\u0131m\u0131zda Travel Hallo sizlere d\u00fcnyay\u0131 en iyi \u015fekilde ke\u015ffetmek i\u00e7in profesyonel T\u00fcrk\u00e7e\/Hollandaca\/ingilizce yerel rehberler e\u015fli\u011finde ke\u015ffetmek i\u00e7in s\u0131n\u0131rs\u0131z f\u0131rsatlar sunar. 15 \u00fclkede ve 47 \u015fehirde Hollanda geneli Almanya Bel\u00e7ikadan kat\u0131labilece\u011fimiz turlar sunar. K\u00fclt\u00fcr turlar\u0131n\u0131z\u0131 unutulmaz k\u0131lan travel Hallo gerek u\u00e7akl\u0131 gerek otob\u00fcs turlar\u0131yla her y\u0131l y\u00fczlerce misafirine yeni \u015fehirler tan\u0131t\u0131r.Bay bayan \u00e7ocuk ailece<\/p>\n<div class=\"padding-top text-center\"><a href=\"https:\/\/www.travelhallo.com\/tr\/hakkimizda\/\" class=\"atbtn atbtn--medium atbtn--rounded atbtn--transparent\">Lees meer..<i class=\"atbtn__icon atbtn__icon--right fa fa-long-arrow-right\"><\/i><\/a><\/div>\n","protected":false},"author":1,"featured_media":0,"parent":0,"menu_order":0,"comment_status":"closed","ping_status":"closed","template":"","meta":[],"_links":{"self":[{"href":"https:\/\/www.travelhallo.com\/tr\/wp-json\/wp\/v2\/pages\/1545"}],"collection":[{"href":"https:\/\/www.travelhallo.com\/tr\/wp-json\/wp\/v2\/pages"}],"about":[{"href":"https:\/\/www.travelhallo.com\/tr\/wp-json\/wp\/v2\/types\/page"}],"author":[{"embeddable":true,"href":"https:\/\/www.travelhallo.com\/tr\/wp-json\/wp\/v2\/users\/1"}],"replies":[{"embeddable":true,"href":"https:\/\/www.travelhallo.com\/tr\/wp-json\/wp\/v2\/comments?post=1545"}],"version-history":[{"count":0,"href":"https:\/\/www.travelhallo.com\/tr\/wp-json\/wp\/v2\/pages\/1545\/revisions"}],"wp:attachment":[{"href":"https:\/\/www.travelhallo.com\/tr\/wp-json\/wp\/v2\/media?parent=1545"}],"curies":[{"name":"wp","href":"https:\/\/api.w.org\/{rel}","templated":true}]}}