{"id":1417,"date":"2018-01-09T04:13:19","date_gmt":"2018-01-09T04:13:19","guid":{"rendered":"https:\/\/www.travelhallo.com\/product\/istanbul\/"},"modified":"2022-12-21T16:29:12","modified_gmt":"2022-12-21T15:29:12","slug":"istanbul","status":"publish","type":"product","link":"https:\/\/www.travelhallo.com\/tr\/tours\/istanbul\/","title":{"rendered":"Istanbul"},"content":{"rendered":"<p><strong>Istanbul:<\/strong>\u00fclkemizin en g\u00fczel \u015fehirlerinden biri; \u0130stanbul. insanlar\u0131n asla vazge\u00e7emedi\u011fi, binlerce y\u0131ld\u0131r ya\u015fam\u0131n her kesimine ev sahipli\u011fi yapm\u0131\u015f, g\u00fczellikler diyar\u0131. UNESCO taraf\u0131ndan 2010 y\u0131l\u0131, \u201cD\u00fcnya K\u00fclt\u00fcr Miras\u0131 Kent\u201d listesine al\u0131nan, ge\u00e7mi\u015fi ile i\u00e7i\u00e7e ya\u015fayan k\u00fclt\u00fcr kentimiz. Sultanahmet Camii (1617) ve Ayasofya (537), iki b\u00fcy\u00fck imparatorlu\u011fa ba\u015fkent olmu\u015f \u0130stanbul\u2019un en \u00e7ok gezilen yerleri aras\u0131nda ilk s\u0131ray\u0131 al\u0131r. T\u00fcm d\u00fcnyada Blue Mosque (Mavi Cami) olarak tan\u0131nan Sultanahmet Camii ve antik d\u00fcnyan\u0131n sekizinci harikas\u0131 say\u0131lan Ayasofya ile birlikte burada g\u00f6r\u00fclecek o kadar \u00e7ok yer var ki \u0130stanbul\u2019un tarihi yar\u0131madas\u0131n\u0131 gezmeye bir g\u00fcn yetmez. Topkap\u0131 Saray\u0131\u2019ndan ba\u015fka \u0130stanbul\u2019un en eski an\u0131t\u0131 kabul edilen d\u00f6rt bin y\u0131ll\u0131k Dikilita\u015f ve antik hipodrom kal\u0131nt\u0131lar\u0131 aras\u0131nda yer alan Y\u0131lanl\u0131 ve \u00d6rme s\u00fctunlar, T\u00fcrk \u0130slam Eserleri&#8230;<\/p>\n<p><!--more--><\/p>\n<p>&nbsp;<\/p>\n<p>&nbsp;<\/p>\n<table class=\"table table-bordered tours-tabs__table\" style=\"height: 233px; width: 948.817px;\">\n<tbody>\n<tr>\n<td style=\"width: 271px;\"><strong><span id=\"result_box\" class=\"short_text\" lang=\"nl\"><span class=\"ttl1 arrowup\" data-toggler=\"toggle-ALGEMEEN\"><span id=\"result_box\" class=\"short_text\" lang=\"tr\">Genel<\/span><\/span><\/span><\/strong><\/td>\n<td style=\"width: 655.817px;\"><i class=\"fa fa-check icon-tick icon-tick--on\"><\/i>Sehir turu<br \/>\n<i class=\"fa fa-check icon-tick icon-tick--on\"><\/i>5 ve 7 gun arasi<br \/>\n<i class=\"fa fa-check icon-tick icon-tick--on\"><\/i>Ucakli Tur<\/td>\n<\/tr>\n<tr>\n<td style=\"width: 271px;\"><strong>Fiyata Dahil olanlar<\/strong><\/td>\n<td style=\"width: 655.817px;\"><i class=\"fa fa-check icon-tick icon-tick--on\"><\/i>Programda belirtilen \u00c7evre gezileri<br \/>\nL\u00fcks otob\u00fcslerle ula\u015f\u0131m<br \/>\nOtel Konaklamas\u0131<br \/>\n3 G\u00fcn A\u00e7\u0131k b\u00fcfe Kahvalt\u0131<br \/>\nRehberlik hizmetleri.<br \/>\n\u0130stanbul Sultanahmet Turu, Bo\u011fazda Gemi Turu\u00a0, Eminonu camii ve Eminonu iskelesi, Binbir cesit secenkleriyle Kapali Carsi, Baharat ve leziz tadlariyla Baharatcilar carsisi.<\/td>\n<\/tr>\n<tr>\n<td style=\"width: 271px;\"><strong><span id=\"result_box\" class=\"short_text\" lang=\"nl\"><span id=\"toggle-1.2\" class=\"ttl1 gtm\" data-toggler=\"\" data-gtm-entry=\"{&quot;event&quot;:&quot;details accopagina&quot;,&quot;eventCategory&quot;:&quot;details accopagina&quot;,&quot;eventAction&quot;:&quot;informatie&quot;,&quot;eventLabel&quot;:&quot;goed om te weten&quot;}\"><span id=\"result_box\" class=\"short_text\" lang=\"tr\">Bilmeniz gerekenler<\/span><\/span><\/span><\/strong><\/td>\n<td style=\"width: 655.817px;\"><span id=\"result_box\" class=\"short_text\" lang=\"nl\"><i class=\"fa fa-check icon-tick icon-tick--on\"><\/i>Sehirmerkezinde konaklama<br \/>\n<i class=\"fa fa-check icon-tick icon-tick--on\"><\/i>Eglenceli bir grup lideri<br \/>\n<i class=\"fa fa-check icon-tick icon-tick--on\"><\/i>Istenirse ozenle secilmis mekanlarda aksam yemekleri ve geleneksel lezzetler icin aksam yemeklerinizi tur liderlerimizden rezerve ettirebilirsiniz.<\/span><\/td>\n<\/tr>\n<tr>\n<td style=\"width: 271px;\"><\/td>\n<td style=\"width: 655.817px;\"><\/td>\n<\/tr>\n<tr>\n<td style=\"width: 271px;\"><strong><span id=\"toggle-3.0\" class=\"ttl1 gtm\" data-toggler=\"\" data-gtm-entry=\"{&quot;event&quot;:&quot;details accopagina&quot;,&quot;eventCategory&quot;:&quot;details accopagina&quot;,&quot;eventAction&quot;:&quot;informatie&quot;,&quot;eventLabel&quot;:&quot;inclusief&quot;}\">Hari\u00e7<\/span><\/strong><\/td>\n<td style=\"width: 655.817px;\"><span id=\"result_box\" lang=\"nl\"><i class=\"fa fa-check icon-tick icon-tick--on\"><\/i>M\u00fcze ve Gezi yeri Giri\u015fleri<br \/>\nOtelde ve gezi boyunca al\u0131nan Yap\u0131lan Ekstra harcamalar.<br \/>\nBuyuk ada, Alisveris-Sosyete pazari, Eyup Sultan\u00a0turu gibi Ekstra Turlar, Aktiviteler, Gece Programlar\u0131\u00a0<\/span><\/td>\n<\/tr>\n<\/tbody>\n<\/table>\n<p>&nbsp;<\/p>\n","protected":false},"excerpt":{"rendered":"<p>Istanbul:\u00fclkemizin en g\u00fczel \u015fehirlerinden biri; \u0130stanbul. insanlar\u0131n asla vazge\u00e7emedi\u011fi, binlerce y\u0131ld\u0131r ya\u015fam\u0131n her kesimine ev sahipli\u011fi yapm\u0131\u015f, g\u00fczellikler diyar\u0131. UNESCO taraf\u0131ndan 2010 y\u0131l\u0131, \u201cD\u00fcnya K\u00fclt\u00fcr Miras\u0131 Kent\u201d listesine al\u0131nan, ge\u00e7mi\u015fi ile i\u00e7i\u00e7e ya\u015fayan k\u00fclt\u00fcr kentimiz. Sultanahmet Camii (1617) ve Ayasofya (537), iki b\u00fcy\u00fck imparatorlu\u011fa ba\u015fkent olmu\u015f \u0130stanbul\u2019un en \u00e7ok gezilen yerleri aras\u0131nda ilk s\u0131ray\u0131 al\u0131r.<\/p>\n<div class=\"padding-top text-center\"><a href=\"https:\/\/www.travelhallo.com\/tr\/tours\/istanbul\/\" class=\"atbtn atbtn--medium atbtn--rounded atbtn--transparent\">Lees meer..<i class=\"atbtn__icon atbtn__icon--right fa fa-long-arrow-right\"><\/i><\/a><\/div>\n","protected":false},"featured_media":1419,"comment_status":"open","ping_status":"closed","template":"","meta":[],"product_cat":[75],"product_tag":[],"_links":{"self":[{"href":"https:\/\/www.travelhallo.com\/tr\/wp-json\/wp\/v2\/product\/1417"}],"collection":[{"href":"https:\/\/www.travelhallo.com\/tr\/wp-json\/wp\/v2\/product"}],"about":[{"href":"https:\/\/www.travelhallo.com\/tr\/wp-json\/wp\/v2\/types\/product"}],"replies":[{"embeddable":true,"href":"https:\/\/www.travelhallo.com\/tr\/wp-json\/wp\/v2\/comments?post=1417"}],"wp:featuredmedia":[{"embeddable":true,"href":"https:\/\/www.travelhallo.com\/tr\/wp-json\/wp\/v2\/media\/1419"}],"wp:attachment":[{"href":"https:\/\/www.travelhallo.com\/tr\/wp-json\/wp\/v2\/media?parent=1417"}],"wp:term":[{"taxonomy":"product_cat","embeddable":true,"href":"https:\/\/www.travelhallo.com\/tr\/wp-json\/wp\/v2\/product_cat?post=1417"},{"taxonomy":"product_tag","embeddable":true,"href":"https:\/\/www.travelhallo.com\/tr\/wp-json\/wp\/v2\/product_tag?post=1417"}],"curies":[{"name":"wp","href":"https:\/\/api.w.org\/{rel}","templated":true}]}}