{"id":1422,"date":"2018-01-28T03:41:45","date_gmt":"2018-01-28T03:41:45","guid":{"rendered":"https:\/\/www.travelhallo.com\/?post_type=product&#038;p=1422"},"modified":"2018-02-18T12:42:01","modified_gmt":"2018-02-18T12:42:01","slug":"milaan","status":"publish","type":"product","link":"https:\/\/www.travelhallo.com\/tr\/tours\/milaan\/","title":{"rendered":"Milano"},"content":{"rendered":"<p>\u0130talya\u2019n\u0131n k\u00fclt\u00fcr, sanat moda ve ticaretine y\u00f6n veren \u015fehri de Milano\u2019dur. Kuzey \u0130talya\u2019n\u0131n Lombardia eyaletinin de ba\u015fkenti olan Milano, en \u00e7ok da al\u0131\u015fveri\u015f yapmak isteyen ve pahal\u0131 markalara merakl\u0131 insanlar\u0131n tercih etti\u011fi bir \u015fehirdir. Milano\u2019da, Roma, Floransa, Venedik kadar \u00e7ok tarihi yap\u0131lar yok ancak al\u0131\u015fveri\u015f i\u00e7in se\u00e7enekler \u00e7ok.<br \/>\nMilano halk\u0131 Kuzey \u0130talyanlar, g\u00fcneye g\u00f6re zengin ve daha rahat bir ya\u015fam s\u00fcrer, bu y\u00fczden \u015fehirde daha l\u00fcks yerler bulabilirsiniz.<\/p>\n<p><!--more--><\/p>\n<p>&nbsp;<\/p>\n<p>&nbsp;<\/p>\n<table class=\"table table-bordered tours-tabs__table\" style=\"height: 233px; width: 948.817px;\">\n<tbody>\n<tr>\n<td style=\"width: 271px;\"><strong><span id=\"result_box\" class=\"short_text\" lang=\"nl\"><span class=\"ttl1 arrowup\" data-toggler=\"toggle-ALGEMEEN\">Genel<\/span><\/span><\/strong><\/td>\n<td style=\"width: 655.817px;\"><i class=\"fa fa-check icon-tick icon-tick--on\"><\/i>Grup Gezisi<br \/>\n<i class=\"fa fa-check icon-tick icon-tick--on\"><\/i>3 gun 2 gece Gezi<br \/>\n<i class=\"fa fa-check icon-tick icon-tick--on\"><\/i>Ucak Gezisi<\/td>\n<\/tr>\n<tr>\n<td style=\"width: 271px;\"><\/td>\n<td style=\"width: 655.817px;\"><\/td>\n<\/tr>\n<tr>\n<td style=\"width: 271px;\"><strong><span id=\"result_box\" class=\"short_text\" lang=\"nl\"><span id=\"toggle-1.2\" class=\"ttl1 gtm\" data-toggler=\"\" data-gtm-entry=\"{&quot;event&quot;:&quot;details accopagina&quot;,&quot;eventCategory&quot;:&quot;details accopagina&quot;,&quot;eventAction&quot;:&quot;informatie&quot;,&quot;eventLabel&quot;:&quot;goed om te weten&quot;}\">Program<\/span><\/span><\/strong><\/td>\n<td style=\"width: 655.817px;\"><span style=\"font-size: 12pt;\">Milano denilince ilk akla gelen ziyaret noktalarindan ilki Duomo adi verilen nefes kesici Katedral. Kafeleri, restoranlari ilemeshur 18 yuzyil mirasi Vitttorio Emnuale Galerisi, 1778 yilinda acilan La Scala Tiyatrosu cevresi ziyaret ettigimiz en onemli highlightslardan.<\/span><\/td>\n<\/tr>\n<tr>\n<td style=\"width: 271px;\"><strong><span id=\"toggle-3.0\" class=\"ttl1 gtm\" data-toggler=\"\" data-gtm-entry=\"{&quot;event&quot;:&quot;details accopagina&quot;,&quot;eventCategory&quot;:&quot;details accopagina&quot;,&quot;eventAction&quot;:&quot;informatie&quot;,&quot;eventLabel&quot;:&quot;inclusief&quot;}\">Fiyata Dahil Olanlar<\/span><\/strong><\/td>\n<td style=\"width: 655.817px;\"><i class=\"fa fa-check icon-tick icon-tick--on\"><\/i>Ucus, Otel konaklamasi,\u00a0Kahvalti, Sehir turu<\/td>\n<\/tr>\n<tr>\n<td style=\"width: 271px;\"><strong><span id=\"toggle-3.0\" class=\"ttl1 gtm\" data-toggler=\"\" data-gtm-entry=\"{&quot;event&quot;:&quot;details accopagina&quot;,&quot;eventCategory&quot;:&quot;details accopagina&quot;,&quot;eventAction&quot;:&quot;informatie&quot;,&quot;eventLabel&quot;:&quot;inclusief&quot;}\">Dahil Olmayanlar<\/span><\/strong><\/td>\n<td style=\"width: 655.817px;\"><span id=\"result_box\" lang=\"nl\"><i class=\"fa fa-check icon-tick icon-tick--on\"><\/i>Muze Griris ucretleri (Da\u00a0Vinci nin Son aksam yemegi eserini goremk istiyorsaniz sahsen internetten online biletinizi almalisiniz.)<br \/>\n<i class=\"fa fa-check icon-tick icon-tick--on\"><\/i>Sahsi harcamalar<\/span><\/td>\n<\/tr>\n<\/tbody>\n<\/table>\n","protected":false},"excerpt":{"rendered":"<p>\u0130talya\u2019n\u0131n k\u00fclt\u00fcr, sanat moda ve ticaretine y\u00f6n veren \u015fehri de Milano\u2019dur. Kuzey \u0130talya\u2019n\u0131n Lombardia eyaletinin de ba\u015fkenti olan Milano, en \u00e7ok da al\u0131\u015fveri\u015f yapmak isteyen ve pahal\u0131 markalara merakl\u0131 insanlar\u0131n tercih etti\u011fi bir \u015fehirdir. Milano\u2019da, Roma, Floransa, Venedik kadar \u00e7ok tarihi yap\u0131lar yok ancak al\u0131\u015fveri\u015f i\u00e7in se\u00e7enekler \u00e7ok. Milano halk\u0131 Kuzey \u0130talyanlar, g\u00fcneye g\u00f6re zengin<\/p>\n<div class=\"padding-top text-center\"><a href=\"https:\/\/www.travelhallo.com\/tr\/tours\/milaan\/\" class=\"atbtn atbtn--medium atbtn--rounded atbtn--transparent\">Lees meer..<i class=\"atbtn__icon atbtn__icon--right fa fa-long-arrow-right\"><\/i><\/a><\/div>\n","protected":false},"featured_media":1424,"comment_status":"open","ping_status":"closed","template":"","meta":[],"product_cat":[75],"product_tag":[],"_links":{"self":[{"href":"https:\/\/www.travelhallo.com\/tr\/wp-json\/wp\/v2\/product\/1422"}],"collection":[{"href":"https:\/\/www.travelhallo.com\/tr\/wp-json\/wp\/v2\/product"}],"about":[{"href":"https:\/\/www.travelhallo.com\/tr\/wp-json\/wp\/v2\/types\/product"}],"replies":[{"embeddable":true,"href":"https:\/\/www.travelhallo.com\/tr\/wp-json\/wp\/v2\/comments?post=1422"}],"wp:featuredmedia":[{"embeddable":true,"href":"https:\/\/www.travelhallo.com\/tr\/wp-json\/wp\/v2\/media\/1424"}],"wp:attachment":[{"href":"https:\/\/www.travelhallo.com\/tr\/wp-json\/wp\/v2\/media?parent=1422"}],"wp:term":[{"taxonomy":"product_cat","embeddable":true,"href":"https:\/\/www.travelhallo.com\/tr\/wp-json\/wp\/v2\/product_cat?post=1422"},{"taxonomy":"product_tag","embeddable":true,"href":"https:\/\/www.travelhallo.com\/tr\/wp-json\/wp\/v2\/product_tag?post=1422"}],"curies":[{"name":"wp","href":"https:\/\/api.w.org\/{rel}","templated":true}]}}