{"id":1425,"date":"2018-01-28T03:53:03","date_gmt":"2018-01-28T03:53:03","guid":{"rendered":"https:\/\/www.travelhallo.com\/?post_type=product&#038;p=1425"},"modified":"2018-01-28T03:57:28","modified_gmt":"2018-01-28T03:57:28","slug":"rome","status":"publish","type":"product","link":"https:\/\/www.travelhallo.com\/tr\/tours\/rome\/","title":{"rendered":"Roma"},"content":{"rendered":"<p><strong>\u0130talya Turu ile En \u0130lgi \u00c7ekici \u015eehir:<\/strong><br \/>\n\u0130talya\u2019n\u0131n ba\u015fkenti Roma, paket turlar\u0131n en ilgi \u00e7ekici \u015fehridir. D\u00fcnya tarihinin \u00f6nemli yap\u0131tlar\u0131na ev sahipli\u011fi yapar. Roma Forumu, Pantheon, \u0130spanyol Merdivenleri, A\u015fk \u00c7e\u015fmesi, Kolezyum, Aziz Petrus Bazilikas\u0131 bunlardan sadece birka\u00e7\u0131. \u0130talya\u2019y\u0131 dola\u015fan bir ki\u015finin klasik olarak yapt\u0131\u011f\u0131 \u015feylerin ba\u015f\u0131nda A\u015fk \u00c7e\u015fmesi\u2019ni ziyaret etmek yer al\u0131r. Burada her y\u0131l at\u0131lan paralar g\u00f6revliler taraf\u0131ndan \u00f6zenli bir \u015fekilde topland\u0131\u011f\u0131 gibi ciddi bir gelir kayna\u011f\u0131 da yaratmaktad\u0131r. Bu da \u0130talya i\u00e7in ilgin\u00e7 noktalardan bir tanesidir. A\u015fk \u00c7e\u015fmesi\u2019nin ba\u015f\u0131nda suya para atarak dilek dilemek genel bir inan\u0131\u015f bi\u00e7imi olu\u015fturmu\u015ftur. Ziyaret edilen her yap\u0131t ve b\u00f6lgenin bir tarihi ge\u00e7mi\u015fi olu\u015fu, Roma\u2019y\u0131 gezerken do\u011fru bilgi edinmenin \u00f6nemini ortaya \u00e7\u0131karmaktad\u0131r. Belirlenecek rota ile en verimli \u0130talya gezisi Travel Hallo taraf\u0131ndan sa\u011flan\u0131r.<\/p>\n<p><!--more--><\/p>\n<p>&nbsp;<\/p>\n<p>&nbsp;<\/p>\n<table class=\"table table-bordered tours-tabs__table\" style=\"height: 233px; width: 948.817px;\">\n<tbody>\n<tr>\n<td style=\"width: 271px;\"><strong><span id=\"result_box\" class=\"short_text\" lang=\"nl\"><span class=\"\"><span class=\"ttl1 arrowup\" data-toggler=\"toggle-ALGEMEEN\">Algemeen<\/span><\/span><\/span><\/strong><\/td>\n<td style=\"width: 655.817px;\"><i class=\"fa fa-check icon-tick icon-tick--on\"><\/i>Groepsrondreis<br \/>\n<i class=\"fa fa-check icon-tick icon-tick--on\"><\/i>Reisduur is 5 dagen<br \/>\n<i class=\"fa fa-check icon-tick icon-tick--on\"><\/i>Vliegtuigreis<\/td>\n<\/tr>\n<tr>\n<td style=\"width: 271px;\"><strong><span id=\"result_box\" class=\"short_text\" lang=\"nl\"><span class=\"\"><span class=\"ttl1 arrowup\" data-toggler=\"toggle-1.1\">Verzorging tijdens de rondreis<\/span><\/span><\/span><\/strong><\/td>\n<td style=\"width: 655.817px;\"><i class=\"fa fa-check icon-tick icon-tick--on\"><\/i>Volgens beschrijving<\/td>\n<\/tr>\n<tr>\n<td style=\"width: 271px;\"><strong><span id=\"result_box\" class=\"short_text\" lang=\"nl\"><span class=\"\"><span id=\"toggle-1.2\" class=\"ttl1 gtm\" data-toggler=\"\" data-gtm-entry=\"{&quot;event&quot;:&quot;details accopagina&quot;,&quot;eventCategory&quot;:&quot;details accopagina&quot;,&quot;eventAction&quot;:&quot;informatie&quot;,&quot;eventLabel&quot;:&quot;goed om te weten&quot;}\">Goed om te weten<\/span><\/span><\/span><\/strong><\/td>\n<td style=\"width: 655.817px;\"><span id=\"result_box\" class=\"short_text\" lang=\"nl\"><span class=\"\"><i class=\"fa fa-check icon-tick icon-tick--on\"><\/i>We verwachten dat onze reizigers goed ter been te zijn en een redelijke basisconditie hebben. Tijdens onze reizen zie je veel: dit betekent ook dat je soms een flinke afstand moet lopen, de bus kan niet op iedere plek parkeren. Ook wissel je vaak van accommodatie en onderneem je dus veel. We gaan er daarom van uit dat onze gasten zelfstandig kunnen reizen of anders een reisgenoot hebben die bijvoorbeeld helpt bij in- en uitstappen van de bus. Ben je rolstoelgebonden of echt slecht ter been, dan zijn onze rondreizen niet geschikt.<br \/>\n<i class=\"fa fa-check icon-tick icon-tick--on\"><\/i>Het is ook mogelijk om het traject Nuwara Eliya-Bandarawela per trein af te leggen (prijs op basis van treinticket 2e klasse ca. \u20ac 16 per persoon, 1e klasse ca. \u20ac 25 per persoon, ter plaatse te boeken, afhankelijk van beschikbaarheid).<br \/>\n<i class=\"fa fa-check icon-tick icon-tick--on\"><\/i>Optioneel entreegelden\/lunchpakket ter plaatse te boeken voor Rs. 19.150 (ca. \u20ac 120,-) per persoon.<\/span><\/span><\/td>\n<\/tr>\n<tr>\n<td style=\"width: 271px;\"><strong><span id=\"toggle-3.0\" class=\"ttl1 gtm\" data-toggler=\"\" data-gtm-entry=\"{&quot;event&quot;:&quot;details accopagina&quot;,&quot;eventCategory&quot;:&quot;details accopagina&quot;,&quot;eventAction&quot;:&quot;informatie&quot;,&quot;eventLabel&quot;:&quot;inclusief&quot;}\">Inclusief<\/span><\/strong><\/td>\n<td style=\"width: 655.817px;\"><i class=\"fa fa-check icon-tick icon-tick--on\"><\/i>Vlucht Amsterdam &#8211; Colombo en v.v. met Qatar Airways (met overstap in Doha)<\/td>\n<\/tr>\n<tr>\n<td style=\"width: 271px;\"><strong><span id=\"toggle-3.0\" class=\"ttl1 gtm\" data-toggler=\"\" data-gtm-entry=\"{&quot;event&quot;:&quot;details accopagina&quot;,&quot;eventCategory&quot;:&quot;details accopagina&quot;,&quot;eventAction&quot;:&quot;informatie&quot;,&quot;eventLabel&quot;:&quot;inclusief&quot;}\">Exclusief<\/span><\/strong><\/td>\n<td style=\"width: 655.817px;\"><span id=\"result_box\" class=\"\" lang=\"nl\"><span class=\"\"><i class=\"fa fa-check icon-tick icon-tick--on\"><\/i>Entreegelden<br \/>\n<i class=\"fa fa-check icon-tick icon-tick--on\"><\/i>Eventuele lokale gidsen<\/span><\/span><\/td>\n<\/tr>\n<\/tbody>\n<\/table>\n","protected":false},"excerpt":{"rendered":"<p>\u0130talya Turu ile En \u0130lgi \u00c7ekici \u015eehir: \u0130talya\u2019n\u0131n ba\u015fkenti Roma, paket turlar\u0131n en ilgi \u00e7ekici \u015fehridir. D\u00fcnya tarihinin \u00f6nemli yap\u0131tlar\u0131na ev sahipli\u011fi yapar. Roma Forumu, Pantheon, \u0130spanyol Merdivenleri, A\u015fk \u00c7e\u015fmesi, Kolezyum, Aziz Petrus Bazilikas\u0131 bunlardan sadece birka\u00e7\u0131. \u0130talya\u2019y\u0131 dola\u015fan bir ki\u015finin klasik olarak yapt\u0131\u011f\u0131 \u015feylerin ba\u015f\u0131nda A\u015fk \u00c7e\u015fmesi\u2019ni ziyaret etmek yer al\u0131r. Burada her y\u0131l<\/p>\n<div class=\"padding-top text-center\"><a href=\"https:\/\/www.travelhallo.com\/tr\/tours\/rome\/\" class=\"atbtn atbtn--medium atbtn--rounded atbtn--transparent\">Lees meer..<i class=\"atbtn__icon atbtn__icon--right fa fa-long-arrow-right\"><\/i><\/a><\/div>\n","protected":false},"featured_media":1428,"comment_status":"open","ping_status":"closed","template":"","meta":[],"product_cat":[75],"product_tag":[],"_links":{"self":[{"href":"https:\/\/www.travelhallo.com\/tr\/wp-json\/wp\/v2\/product\/1425"}],"collection":[{"href":"https:\/\/www.travelhallo.com\/tr\/wp-json\/wp\/v2\/product"}],"about":[{"href":"https:\/\/www.travelhallo.com\/tr\/wp-json\/wp\/v2\/types\/product"}],"replies":[{"embeddable":true,"href":"https:\/\/www.travelhallo.com\/tr\/wp-json\/wp\/v2\/comments?post=1425"}],"wp:featuredmedia":[{"embeddable":true,"href":"https:\/\/www.travelhallo.com\/tr\/wp-json\/wp\/v2\/media\/1428"}],"wp:attachment":[{"href":"https:\/\/www.travelhallo.com\/tr\/wp-json\/wp\/v2\/media?parent=1425"}],"wp:term":[{"taxonomy":"product_cat","embeddable":true,"href":"https:\/\/www.travelhallo.com\/tr\/wp-json\/wp\/v2\/product_cat?post=1425"},{"taxonomy":"product_tag","embeddable":true,"href":"https:\/\/www.travelhallo.com\/tr\/wp-json\/wp\/v2\/product_tag?post=1425"}],"curies":[{"name":"wp","href":"https:\/\/api.w.org\/{rel}","templated":true}]}}