{"id":1430,"date":"2018-01-28T04:01:33","date_gmt":"2018-01-28T04:01:33","guid":{"rendered":"https:\/\/www.travelhallo.com\/?post_type=product&#038;p=1430"},"modified":"2018-01-28T04:06:55","modified_gmt":"2018-01-28T04:06:55","slug":"venedik","status":"publish","type":"product","link":"https:\/\/www.travelhallo.com\/tr\/tours\/venedik\/","title":{"rendered":"Venedik"},"content":{"rendered":"<p><strong>Sular\u0131n \u00dczerinde Y\u00fczen Kent:<\/strong><br \/>\n\u0130talya\u2019n\u0131n vazge\u00e7ilmezi, sular\u0131n \u00fcst\u00fcndeki kent: Venedik. Gondollar ile yapaca\u011f\u0131n\u0131z \u015fehir turu size farkl\u0131 bir deneyim sunar. Ayn\u0131 zamanda Venedik\u2019te yer alan pek \u00e7ok farkl\u0131 yeri bu tur ile k\u0131sa s\u00fcre i\u00e7erisinde g\u00f6rebilirsiniz. B\u00f6lgede kanallar ile ula\u015f\u0131m sa\u011fland\u0131\u011f\u0131ndan dolay\u0131 kurulan pek \u00e7ok k\u00f6pr\u00fc de bu yolculuk s\u0131ras\u0131nda size e\u015flik edecektir. Venedik ziyaretinde de yine pek \u00e7ok farkl\u0131 \u00f6nemli yap\u0131, sanat eserleri ve dini eserleri g\u00f6rebilmeniz m\u00fcmk\u00fcnd\u00fcr. Seyahat tarihinize g\u00f6re en uygun fiyatl\u0131 \u0130talya turu se\u00e7iminizi yapabilirsiniz. Travel Hallo \u0130talya turlar\u0131 ile en uygun kapsaml\u0131 \u0130talya seyahati f\u0131rsat\u0131n\u0131 ka\u00e7\u0131rmay\u0131n!<\/p>\n<p><!--more--><\/p>\n<p>&nbsp;<\/p>\n<table class=\"table table-bordered tours-tabs__table\" style=\"height: 233px; width: 948.817px;\">\n<tbody>\n<tr>\n<td style=\"width: 271px;\"><strong><span id=\"result_box\" class=\"short_text\" lang=\"nl\"><span class=\"\"><span class=\"ttl1 arrowup\" data-toggler=\"toggle-ALGEMEEN\">Algemeen<\/span><\/span><\/span><\/strong><\/td>\n<td style=\"width: 655.817px;\"><i class=\"fa fa-check icon-tick icon-tick--on\"><\/i>Groepsrondreis<br \/>\n<i class=\"fa fa-check icon-tick icon-tick--on\"><\/i>Reisduur is 5 dagen<br \/>\n<i class=\"fa fa-check icon-tick icon-tick--on\"><\/i>Vliegtuigreis<\/td>\n<\/tr>\n<tr>\n<td style=\"width: 271px;\"><strong><span id=\"result_box\" class=\"short_text\" lang=\"nl\"><span class=\"\"><span class=\"ttl1 arrowup\" data-toggler=\"toggle-1.1\">Verzorging tijdens de rondreis<\/span><\/span><\/span><\/strong><\/td>\n<td style=\"width: 655.817px;\"><i class=\"fa fa-check icon-tick icon-tick--on\"><\/i>Volgens beschrijving<\/td>\n<\/tr>\n<tr>\n<td style=\"width: 271px;\"><strong><span id=\"result_box\" class=\"short_text\" lang=\"nl\"><span class=\"\"><span id=\"toggle-1.2\" class=\"ttl1 gtm\" data-toggler=\"\" data-gtm-entry=\"{&quot;event&quot;:&quot;details accopagina&quot;,&quot;eventCategory&quot;:&quot;details accopagina&quot;,&quot;eventAction&quot;:&quot;informatie&quot;,&quot;eventLabel&quot;:&quot;goed om te weten&quot;}\">Goed om te weten<\/span><\/span><\/span><\/strong><\/td>\n<td style=\"width: 655.817px;\"><span id=\"result_box\" class=\"short_text\" lang=\"nl\"><span class=\"\"><i class=\"fa fa-check icon-tick icon-tick--on\"><\/i>We verwachten dat onze reizigers goed ter been te zijn en een redelijke basisconditie hebben. Tijdens onze reizen zie je veel: dit betekent ook dat je soms een flinke afstand moet lopen, de bus kan niet op iedere plek parkeren. Ook wissel je vaak van accommodatie en onderneem je dus veel. We gaan er daarom van uit dat onze gasten zelfstandig kunnen reizen of anders een reisgenoot hebben die bijvoorbeeld helpt bij in- en uitstappen van de bus. Ben je rolstoelgebonden of echt slecht ter been, dan zijn onze rondreizen niet geschikt.<br \/>\n<i class=\"fa fa-check icon-tick icon-tick--on\"><\/i>Het is ook mogelijk om het traject Nuwara Eliya-Bandarawela per trein af te leggen (prijs op basis van treinticket 2e klasse ca. \u20ac 16 per persoon, 1e klasse ca. \u20ac 25 per persoon, ter plaatse te boeken, afhankelijk van beschikbaarheid).<br \/>\n<i class=\"fa fa-check icon-tick icon-tick--on\"><\/i>Optioneel entreegelden\/lunchpakket ter plaatse te boeken voor Rs. 19.150 (ca. \u20ac 120,-) per persoon.<\/span><\/span><\/td>\n<\/tr>\n<tr>\n<td style=\"width: 271px;\"><strong><span id=\"toggle-3.0\" class=\"ttl1 gtm\" data-toggler=\"\" data-gtm-entry=\"{&quot;event&quot;:&quot;details accopagina&quot;,&quot;eventCategory&quot;:&quot;details accopagina&quot;,&quot;eventAction&quot;:&quot;informatie&quot;,&quot;eventLabel&quot;:&quot;inclusief&quot;}\">Inclusief<\/span><\/strong><\/td>\n<td style=\"width: 655.817px;\"><i class=\"fa fa-check icon-tick icon-tick--on\"><\/i>Vlucht Amsterdam &#8211; Colombo en v.v. met Qatar Airways (met overstap in Doha)<\/td>\n<\/tr>\n<tr>\n<td style=\"width: 271px;\"><strong><span id=\"toggle-3.0\" class=\"ttl1 gtm\" data-toggler=\"\" data-gtm-entry=\"{&quot;event&quot;:&quot;details accopagina&quot;,&quot;eventCategory&quot;:&quot;details accopagina&quot;,&quot;eventAction&quot;:&quot;informatie&quot;,&quot;eventLabel&quot;:&quot;inclusief&quot;}\">Exclusief<\/span><\/strong><\/td>\n<td style=\"width: 655.817px;\"><span id=\"result_box\" class=\"\" lang=\"nl\"><span class=\"\"><i class=\"fa fa-check icon-tick icon-tick--on\"><\/i>Entreegelden<br \/>\n<i class=\"fa fa-check icon-tick icon-tick--on\"><\/i>Eventuele lokale gidsen<\/span><\/span><\/td>\n<\/tr>\n<\/tbody>\n<\/table>\n","protected":false},"excerpt":{"rendered":"<p>Sular\u0131n \u00dczerinde Y\u00fczen Kent: \u0130talya\u2019n\u0131n vazge\u00e7ilmezi, sular\u0131n \u00fcst\u00fcndeki kent: Venedik. Gondollar ile yapaca\u011f\u0131n\u0131z \u015fehir turu size farkl\u0131 bir deneyim sunar. Ayn\u0131 zamanda Venedik\u2019te yer alan pek \u00e7ok farkl\u0131 yeri bu tur ile k\u0131sa s\u00fcre i\u00e7erisinde g\u00f6rebilirsiniz. B\u00f6lgede kanallar ile ula\u015f\u0131m sa\u011fland\u0131\u011f\u0131ndan dolay\u0131 kurulan pek \u00e7ok k\u00f6pr\u00fc de bu yolculuk s\u0131ras\u0131nda size e\u015flik edecektir. Venedik ziyaretinde<\/p>\n<div class=\"padding-top text-center\"><a href=\"https:\/\/www.travelhallo.com\/tr\/tours\/venedik\/\" class=\"atbtn atbtn--medium atbtn--rounded atbtn--transparent\">Lees meer..<i class=\"atbtn__icon atbtn__icon--right fa fa-long-arrow-right\"><\/i><\/a><\/div>\n","protected":false},"featured_media":1432,"comment_status":"open","ping_status":"closed","template":"","meta":[],"product_cat":[75],"product_tag":[],"_links":{"self":[{"href":"https:\/\/www.travelhallo.com\/tr\/wp-json\/wp\/v2\/product\/1430"}],"collection":[{"href":"https:\/\/www.travelhallo.com\/tr\/wp-json\/wp\/v2\/product"}],"about":[{"href":"https:\/\/www.travelhallo.com\/tr\/wp-json\/wp\/v2\/types\/product"}],"replies":[{"embeddable":true,"href":"https:\/\/www.travelhallo.com\/tr\/wp-json\/wp\/v2\/comments?post=1430"}],"wp:featuredmedia":[{"embeddable":true,"href":"https:\/\/www.travelhallo.com\/tr\/wp-json\/wp\/v2\/media\/1432"}],"wp:attachment":[{"href":"https:\/\/www.travelhallo.com\/tr\/wp-json\/wp\/v2\/media?parent=1430"}],"wp:term":[{"taxonomy":"product_cat","embeddable":true,"href":"https:\/\/www.travelhallo.com\/tr\/wp-json\/wp\/v2\/product_cat?post=1430"},{"taxonomy":"product_tag","embeddable":true,"href":"https:\/\/www.travelhallo.com\/tr\/wp-json\/wp\/v2\/product_tag?post=1430"}],"curies":[{"name":"wp","href":"https:\/\/api.w.org\/{rel}","templated":true}]}}