{"id":1434,"date":"2018-01-28T04:11:46","date_gmt":"2018-01-28T04:11:46","guid":{"rendered":"https:\/\/www.travelhallo.com\/?post_type=product&#038;p=1434"},"modified":"2018-01-28T04:16:07","modified_gmt":"2018-01-28T04:16:07","slug":"floransa","status":"publish","type":"product","link":"https:\/\/www.travelhallo.com\/tr\/tours\/floransa\/","title":{"rendered":"Floransa"},"content":{"rendered":"<p><strong>Dikkat \u00e7eken \u00fcnl\u00fc bir turizm kenti:<\/strong><br \/>\nKuzey \u0130talya&#8217;da Toskana b\u00f6lgesinde bulunan Floransa Arno Nehri kenar\u0131nda kurulmu\u015ftur. Floransa \u0130talyan R\u00f6nesans\u0131&#8217;n\u0131n do\u011fum yeridir. \u015eehirde pek \u00e7ok m\u00fcze ve galeri bulunmaktad\u0131r.Floransa k\u00fclt\u00fcr\u00fc ve mimarisi ile dikkat \u00e7eken \u00fcnl\u00fc bir turizm kentidir.Avrupa&#8217;n\u0131n g\u00f6zde ticari merkezleri aras\u0131nda yer alan Floransa; k\u00f6kl\u00fc tarihi, mimari dokusu ve sanat eserleriyle benzersiz bir gezi sunmaktad\u0131r. D\u00fcnyaca \u00fcnl\u00fc galeriler i\u00e7erisinde yer alan Uffuzi Galerisi, Floransa&#8217;n\u0131n en b\u00fcy\u00fck katedrali Duomo, en eski yap\u0131lar\u0131 aras\u0131nda yer alan Vecchio Saray\u0131, en eski devlet binas\u0131 olan Bargello, el yazmas\u0131 koleksiyonu ile me\u015fhur San Marco, Avrupa&#8217;n\u0131n ilk \u00e7izim okulu olan Floransa G\u00fczel Sanatlar Okulu ve Kutsal Ha\u00e7 Kilisesi olarak bilinen Santa Croce Bazilikas\u0131 g\u00f6rmeden d\u00f6n\u00fclmemesi gereken eserler aras\u0131na yer almaktad\u0131r. Ayr\u0131ca Floransa&#8217;n\u0131n tarih kokan sokaklar\u0131nda kaybolabilir, birbirinden \u00f6nemli eserlerin bulundu\u011fu sanat galerini gezebilir ya da herhangi bir kafesine oturup hareketli sokaklar\u0131n\u0131 seyre dalabilirsiniz.<\/p>\n<p><!--more--><\/p>\n<p>&nbsp;<\/p>\n<table class=\"table table-bordered tours-tabs__table\" style=\"height: 233px; width: 948.817px;\">\n<tbody>\n<tr>\n<td style=\"width: 271px;\"><strong><span id=\"result_box\" class=\"short_text\" lang=\"nl\"><span class=\"\"><span class=\"ttl1 arrowup\" data-toggler=\"toggle-ALGEMEEN\">Algemeen<\/span><\/span><\/span><\/strong><\/td>\n<td style=\"width: 655.817px;\"><i class=\"fa fa-check icon-tick icon-tick--on\"><\/i>Groepsrondreis<br \/>\n<i class=\"fa fa-check icon-tick icon-tick--on\"><\/i>Reisduur is 5 dagen<br \/>\n<i class=\"fa fa-check icon-tick icon-tick--on\"><\/i>Vliegtuigreis<\/td>\n<\/tr>\n<tr>\n<td style=\"width: 271px;\"><strong><span id=\"result_box\" class=\"short_text\" lang=\"nl\"><span class=\"\"><span class=\"ttl1 arrowup\" data-toggler=\"toggle-1.1\">Verzorging tijdens de rondreis<\/span><\/span><\/span><\/strong><\/td>\n<td style=\"width: 655.817px;\"><i class=\"fa fa-check icon-tick icon-tick--on\"><\/i>Volgens beschrijving<\/td>\n<\/tr>\n<tr>\n<td style=\"width: 271px;\"><strong><span id=\"result_box\" class=\"short_text\" lang=\"nl\"><span class=\"\"><span id=\"toggle-1.2\" class=\"ttl1 gtm\" data-toggler=\"\" data-gtm-entry=\"{&quot;event&quot;:&quot;details accopagina&quot;,&quot;eventCategory&quot;:&quot;details accopagina&quot;,&quot;eventAction&quot;:&quot;informatie&quot;,&quot;eventLabel&quot;:&quot;goed om te weten&quot;}\">Goed om te weten<\/span><\/span><\/span><\/strong><\/td>\n<td style=\"width: 655.817px;\"><span id=\"result_box\" class=\"short_text\" lang=\"nl\"><span class=\"\"><i class=\"fa fa-check icon-tick icon-tick--on\"><\/i>We verwachten dat onze reizigers goed ter been te zijn en een redelijke basisconditie hebben. Tijdens onze reizen zie je veel: dit betekent ook dat je soms een flinke afstand moet lopen, de bus kan niet op iedere plek parkeren. Ook wissel je vaak van accommodatie en onderneem je dus veel. We gaan er daarom van uit dat onze gasten zelfstandig kunnen reizen of anders een reisgenoot hebben die bijvoorbeeld helpt bij in- en uitstappen van de bus. Ben je rolstoelgebonden of echt slecht ter been, dan zijn onze rondreizen niet geschikt.<br \/>\n<i class=\"fa fa-check icon-tick icon-tick--on\"><\/i>Het is ook mogelijk om het traject Nuwara Eliya-Bandarawela per trein af te leggen (prijs op basis van treinticket 2e klasse ca. \u20ac 16 per persoon, 1e klasse ca. \u20ac 25 per persoon, ter plaatse te boeken, afhankelijk van beschikbaarheid).<br \/>\n<i class=\"fa fa-check icon-tick icon-tick--on\"><\/i>Optioneel entreegelden\/lunchpakket ter plaatse te boeken voor Rs. 19.150 (ca. \u20ac 120,-) per persoon.<\/span><\/span><\/td>\n<\/tr>\n<tr>\n<td style=\"width: 271px;\"><strong><span id=\"toggle-3.0\" class=\"ttl1 gtm\" data-toggler=\"\" data-gtm-entry=\"{&quot;event&quot;:&quot;details accopagina&quot;,&quot;eventCategory&quot;:&quot;details accopagina&quot;,&quot;eventAction&quot;:&quot;informatie&quot;,&quot;eventLabel&quot;:&quot;inclusief&quot;}\">Inclusief<\/span><\/strong><\/td>\n<td style=\"width: 655.817px;\"><i class=\"fa fa-check icon-tick icon-tick--on\"><\/i>Vlucht Amsterdam &#8211; Colombo en v.v. met Qatar Airways (met overstap in Doha)<\/td>\n<\/tr>\n<tr>\n<td style=\"width: 271px;\"><strong><span id=\"toggle-3.0\" class=\"ttl1 gtm\" data-toggler=\"\" data-gtm-entry=\"{&quot;event&quot;:&quot;details accopagina&quot;,&quot;eventCategory&quot;:&quot;details accopagina&quot;,&quot;eventAction&quot;:&quot;informatie&quot;,&quot;eventLabel&quot;:&quot;inclusief&quot;}\">Exclusief<\/span><\/strong><\/td>\n<td style=\"width: 655.817px;\"><span id=\"result_box\" class=\"\" lang=\"nl\"><span class=\"\"><i class=\"fa fa-check icon-tick icon-tick--on\"><\/i>Entreegelden<br \/>\n<i class=\"fa fa-check icon-tick icon-tick--on\"><\/i>Eventuele lokale gidsen<\/span><\/span><\/td>\n<\/tr>\n<\/tbody>\n<\/table>\n","protected":false},"excerpt":{"rendered":"<p>Dikkat \u00e7eken \u00fcnl\u00fc bir turizm kenti: Kuzey \u0130talya&#8217;da Toskana b\u00f6lgesinde bulunan Floransa Arno Nehri kenar\u0131nda kurulmu\u015ftur. Floransa \u0130talyan R\u00f6nesans\u0131&#8217;n\u0131n do\u011fum yeridir. \u015eehirde pek \u00e7ok m\u00fcze ve galeri bulunmaktad\u0131r.Floransa k\u00fclt\u00fcr\u00fc ve mimarisi ile dikkat \u00e7eken \u00fcnl\u00fc bir turizm kentidir.Avrupa&#8217;n\u0131n g\u00f6zde ticari merkezleri aras\u0131nda yer alan Floransa; k\u00f6kl\u00fc tarihi, mimari dokusu ve sanat eserleriyle benzersiz bir gezi<\/p>\n<div class=\"padding-top text-center\"><a href=\"https:\/\/www.travelhallo.com\/tr\/tours\/floransa\/\" class=\"atbtn atbtn--medium atbtn--rounded atbtn--transparent\">Lees meer..<i class=\"atbtn__icon atbtn__icon--right fa fa-long-arrow-right\"><\/i><\/a><\/div>\n","protected":false},"featured_media":1436,"comment_status":"open","ping_status":"closed","template":"","meta":[],"product_cat":[75],"product_tag":[],"_links":{"self":[{"href":"https:\/\/www.travelhallo.com\/tr\/wp-json\/wp\/v2\/product\/1434"}],"collection":[{"href":"https:\/\/www.travelhallo.com\/tr\/wp-json\/wp\/v2\/product"}],"about":[{"href":"https:\/\/www.travelhallo.com\/tr\/wp-json\/wp\/v2\/types\/product"}],"replies":[{"embeddable":true,"href":"https:\/\/www.travelhallo.com\/tr\/wp-json\/wp\/v2\/comments?post=1434"}],"wp:featuredmedia":[{"embeddable":true,"href":"https:\/\/www.travelhallo.com\/tr\/wp-json\/wp\/v2\/media\/1436"}],"wp:attachment":[{"href":"https:\/\/www.travelhallo.com\/tr\/wp-json\/wp\/v2\/media?parent=1434"}],"wp:term":[{"taxonomy":"product_cat","embeddable":true,"href":"https:\/\/www.travelhallo.com\/tr\/wp-json\/wp\/v2\/product_cat?post=1434"},{"taxonomy":"product_tag","embeddable":true,"href":"https:\/\/www.travelhallo.com\/tr\/wp-json\/wp\/v2\/product_tag?post=1434"}],"curies":[{"name":"wp","href":"https:\/\/api.w.org\/{rel}","templated":true}]}}