{"id":1437,"date":"2018-01-28T04:19:17","date_gmt":"2018-01-28T04:19:17","guid":{"rendered":"https:\/\/www.travelhallo.com\/?post_type=product&#038;p=1437"},"modified":"2018-01-28T04:20:54","modified_gmt":"2018-01-28T04:20:54","slug":"pisa","status":"publish","type":"product","link":"https:\/\/www.travelhallo.com\/tr\/tours\/pisa\/","title":{"rendered":"Pisa"},"content":{"rendered":"<p>Her y\u0131l g\u00f6zle farkedilmeyecek derecede e\u011filen bir yap\u0131n\u0131n yan\u0131nda Pisa Kulesi\u2019nin bulundu\u011fu yerdeyiz. \u0130talya\u2019n\u0131n Toscana b\u00f6lgesinde bulunuyor.dunyanin 7 harikasindan biri olan kule ve daha bircok guzelligi travel hallo farkiyla kesfedinalabilirsiniz.<\/p>\n<p><!--more--><\/p>\n<p>&nbsp;<\/p>\n<table class=\"table table-bordered tours-tabs__table\" style=\"height: 233px; width: 948.817px;\">\n<tbody>\n<tr>\n<td style=\"width: 271px;\"><strong><span id=\"result_box\" class=\"short_text\" lang=\"nl\"><span class=\"\"><span class=\"ttl1 arrowup\" data-toggler=\"toggle-ALGEMEEN\">Algemeen<\/span><\/span><\/span><\/strong><\/td>\n<td style=\"width: 655.817px;\"><i class=\"fa fa-check icon-tick icon-tick--on\"><\/i>Groepsrondreis<br \/>\n<i class=\"fa fa-check icon-tick icon-tick--on\"><\/i>Reisduur is 5 dagen<br \/>\n<i class=\"fa fa-check icon-tick icon-tick--on\"><\/i>Vliegtuigreis<\/td>\n<\/tr>\n<tr>\n<td style=\"width: 271px;\"><strong><span id=\"result_box\" class=\"short_text\" lang=\"nl\"><span class=\"\"><span class=\"ttl1 arrowup\" data-toggler=\"toggle-1.1\">Verzorging tijdens de rondreis<\/span><\/span><\/span><\/strong><\/td>\n<td style=\"width: 655.817px;\"><i class=\"fa fa-check icon-tick icon-tick--on\"><\/i>Volgens beschrijving<\/td>\n<\/tr>\n<tr>\n<td style=\"width: 271px;\"><strong><span id=\"result_box\" class=\"short_text\" lang=\"nl\"><span class=\"\"><span id=\"toggle-1.2\" class=\"ttl1 gtm\" data-toggler=\"\" data-gtm-entry=\"{&quot;event&quot;:&quot;details accopagina&quot;,&quot;eventCategory&quot;:&quot;details accopagina&quot;,&quot;eventAction&quot;:&quot;informatie&quot;,&quot;eventLabel&quot;:&quot;goed om te weten&quot;}\">Goed om te weten<\/span><\/span><\/span><\/strong><\/td>\n<td style=\"width: 655.817px;\"><span id=\"result_box\" class=\"short_text\" lang=\"nl\"><span class=\"\"><i class=\"fa fa-check icon-tick icon-tick--on\"><\/i>We verwachten dat onze reizigers goed ter been te zijn en een redelijke basisconditie hebben. Tijdens onze reizen zie je veel: dit betekent ook dat je soms een flinke afstand moet lopen, de bus kan niet op iedere plek parkeren. Ook wissel je vaak van accommodatie en onderneem je dus veel. We gaan er daarom van uit dat onze gasten zelfstandig kunnen reizen of anders een reisgenoot hebben die bijvoorbeeld helpt bij in- en uitstappen van de bus. Ben je rolstoelgebonden of echt slecht ter been, dan zijn onze rondreizen niet geschikt.<br \/>\n<i class=\"fa fa-check icon-tick icon-tick--on\"><\/i>Het is ook mogelijk om het traject Nuwara Eliya-Bandarawela per trein af te leggen (prijs op basis van treinticket 2e klasse ca. \u20ac 16 per persoon, 1e klasse ca. \u20ac 25 per persoon, ter plaatse te boeken, afhankelijk van beschikbaarheid).<br \/>\n<i class=\"fa fa-check icon-tick icon-tick--on\"><\/i>Optioneel entreegelden\/lunchpakket ter plaatse te boeken voor Rs. 19.150 (ca. \u20ac 120,-) per persoon.<\/span><\/span><\/td>\n<\/tr>\n<tr>\n<td style=\"width: 271px;\"><strong><span id=\"toggle-3.0\" class=\"ttl1 gtm\" data-toggler=\"\" data-gtm-entry=\"{&quot;event&quot;:&quot;details accopagina&quot;,&quot;eventCategory&quot;:&quot;details accopagina&quot;,&quot;eventAction&quot;:&quot;informatie&quot;,&quot;eventLabel&quot;:&quot;inclusief&quot;}\">Inclusief<\/span><\/strong><\/td>\n<td style=\"width: 655.817px;\"><i class=\"fa fa-check icon-tick icon-tick--on\"><\/i>Vlucht Amsterdam &#8211; Colombo en v.v. met Qatar Airways (met overstap in Doha)<\/td>\n<\/tr>\n<tr>\n<td style=\"width: 271px;\"><strong><span id=\"toggle-3.0\" class=\"ttl1 gtm\" data-toggler=\"\" data-gtm-entry=\"{&quot;event&quot;:&quot;details accopagina&quot;,&quot;eventCategory&quot;:&quot;details accopagina&quot;,&quot;eventAction&quot;:&quot;informatie&quot;,&quot;eventLabel&quot;:&quot;inclusief&quot;}\">Exclusief<\/span><\/strong><\/td>\n<td style=\"width: 655.817px;\"><span id=\"result_box\" class=\"\" lang=\"nl\"><span class=\"\"><i class=\"fa fa-check icon-tick icon-tick--on\"><\/i>Entreegelden<br \/>\n<i class=\"fa fa-check icon-tick icon-tick--on\"><\/i>Eventuele lokale gidsen<\/span><\/span><\/td>\n<\/tr>\n<\/tbody>\n<\/table>\n<p>&nbsp;<\/p>\n","protected":false},"excerpt":{"rendered":"<p>Her y\u0131l g\u00f6zle farkedilmeyecek derecede e\u011filen bir yap\u0131n\u0131n yan\u0131nda Pisa Kulesi\u2019nin bulundu\u011fu yerdeyiz. \u0130talya\u2019n\u0131n Toscana b\u00f6lgesinde bulunuyor.dunyanin 7 harikasindan biri olan kule ve daha bircok guzelligi travel hallo farkiyla kesfedinalabilirsiniz.<\/p>\n","protected":false},"featured_media":1439,"comment_status":"open","ping_status":"closed","template":"","meta":[],"product_cat":[75],"product_tag":[],"_links":{"self":[{"href":"https:\/\/www.travelhallo.com\/tr\/wp-json\/wp\/v2\/product\/1437"}],"collection":[{"href":"https:\/\/www.travelhallo.com\/tr\/wp-json\/wp\/v2\/product"}],"about":[{"href":"https:\/\/www.travelhallo.com\/tr\/wp-json\/wp\/v2\/types\/product"}],"replies":[{"embeddable":true,"href":"https:\/\/www.travelhallo.com\/tr\/wp-json\/wp\/v2\/comments?post=1437"}],"wp:featuredmedia":[{"embeddable":true,"href":"https:\/\/www.travelhallo.com\/tr\/wp-json\/wp\/v2\/media\/1439"}],"wp:attachment":[{"href":"https:\/\/www.travelhallo.com\/tr\/wp-json\/wp\/v2\/media?parent=1437"}],"wp:term":[{"taxonomy":"product_cat","embeddable":true,"href":"https:\/\/www.travelhallo.com\/tr\/wp-json\/wp\/v2\/product_cat?post=1437"},{"taxonomy":"product_tag","embeddable":true,"href":"https:\/\/www.travelhallo.com\/tr\/wp-json\/wp\/v2\/product_tag?post=1437"}],"curies":[{"name":"wp","href":"https:\/\/api.w.org\/{rel}","templated":true}]}}