{"id":1498,"date":"2020-05-01T09:04:48","date_gmt":"2018-02-01T09:04:49","guid":{"rendered":"https:\/\/www.travelhallo.com\/?post_type=product&#038;p=1498"},"modified":"2022-12-21T16:28:59","modified_gmt":"2022-12-21T15:28:59","slug":"amsterdam","status":"publish","type":"product","link":"https:\/\/www.travelhallo.com\/tr\/tours\/amsterdam\/","title":{"rendered":"Amsterdam"},"content":{"rendered":"<p>Amsterdam: Bisiklet, tahta ayakkab\u0131lar, peynir, lale, yel de\u011firmeni, turuncu\u2026 Hollanda denildi\u011finde akla daha nicesi gelebilir, ama bu k\u00fcmeyi bir arada tutan, tam ortas\u0131na yerle\u015ftirilmesi gereken Amsterdam\u2019dan ba\u015fkas\u0131 de\u011fildir. Do\u011fayla uyum i\u00e7indeki mimarisi, \u00e7a\u011f\u0131 takip eden k\u00fclt\u00fcr ve sanat anlay\u0131\u015f\u0131, s\u0131n\u0131rlar\u0131 yaln\u0131zca sayg\u0131yla \u00e7izilmi\u015f \u00f6zg\u00fcrl\u00fck\u00e7\u00fc ya\u015fam anlay\u0131\u015f\u0131yla Amsterdam, g\u00f6nl\u00fcn\u00fcz\u00fcn ba\u015fkenti olmak i\u00e7in sizi bekliyor!<\/p>\n<p>Amsterdami daha bilincli daha keyifli ve zaman\/ulasim acisindan en keyifli sekilde tadini cikartmaniz icin TRAVEL HALLO olarak sizlere ozel bir tur programi sunuyoruz.<\/p>\n<section class=\"bcolor-black-6 border-bs-1\"><\/section>\n<p><!--more--><\/p>\n<p>&nbsp;<\/p>\n<table class=\"table table-bordered tours-tabs__table\" style=\"height: 233px; width: 948.817px;\">\n<tbody>\n<tr>\n<td style=\"width: 271px;\"><strong><span id=\"result_box\" class=\"short_text\" lang=\"nl\"><span class=\"ttl1 arrowup\" data-toggler=\"toggle-ALGEMEEN\">Genel<\/span><\/span><\/strong><\/td>\n<td style=\"width: 655.817px;\"><i class=\"fa fa-check icon-tick icon-tick--on\"><\/i>Kisisel ya da Grup Gezisi<br \/>\n<i class=\"fa fa-check icon-tick icon-tick--on\"><\/i>Otobus ile ya da yuruyus turu (istege bagli)<br \/>\n<i class=\"fa fa-check icon-tick icon-tick--on\"><\/i> Tamamen grubun ya da sahsin ilgi alani hobileri goz onunde bulundurulup bir program hazirlanir.<\/td>\n<\/tr>\n<tr>\n<td style=\"width: 271px;\"><strong><span id=\"result_box\" class=\"short_text\" lang=\"nl\"><span class=\"ttl1 arrowup\" data-toggler=\"toggle-1.1\">Dahil hizmetler<\/span><\/span><\/strong><\/td>\n<td style=\"width: 655.817px;\"><i class=\"fa fa-check icon-tick icon-tick--on\"><\/i>Istenilen genislik ve ilgi alanina gore bir program sunulabilinir.<\/td>\n<\/tr>\n<tr>\n<td style=\"width: 271px;\"><strong><span id=\"result_box\" class=\"short_text\" lang=\"nl\"><span id=\"toggle-1.2\" class=\"ttl1 gtm\" data-toggler=\"\" data-gtm-entry=\"{&quot;event&quot;:&quot;details accopagina&quot;,&quot;eventCategory&quot;:&quot;details accopagina&quot;,&quot;eventAction&quot;:&quot;informatie&quot;,&quot;eventLabel&quot;:&quot;goed om te weten&quot;}\">Onemli<\/span><\/span><\/strong><\/td>\n<td style=\"width: 655.817px;\"><span id=\"result_box\" class=\"short_text\" lang=\"nl\"><i class=\"fa fa-check icon-tick icon-tick--on\"><\/i>Hollanda &#8221;Laleler ulkesi&#8221; olarak bilinmesi anlaminda bircok farkli renk ve cesitleri bulabiliceginiz cicek pazari gormeye deger. Sanatsal anlamda Van Gogh ve Rijks muzesi senede milyonlarca turist agirlar ve tur duraklarimizdan tavsiye ettigimiz bir tanesidir. Amsterdamin en guzel mimari, sanatsal, eglenceli\u00a0ya da Alisveri<br \/>\n<i class=\"fa fa-check icon-tick icon-tick--on\"><\/i>Bircok kafe, klup ve restoran secenekleriyle Amsterdam in farkli sekilde tadini cikartabilirsiniz.<br \/>\n<i class=\"fa fa-check icon-tick icon-tick--on\"><\/i>Opsiyonel olarak Anne Frank in evi yeldegirmenler ve Kanal gezisi de Turkce rehberlik esliginde sunulur.<\/span><\/td>\n<\/tr>\n<tr>\n<td style=\"width: 271px;\"><strong><span id=\"toggle-3.0\" class=\"ttl1 gtm\" data-toggler=\"\" data-gtm-entry=\"{&quot;event&quot;:&quot;details accopagina&quot;,&quot;eventCategory&quot;:&quot;details accopagina&quot;,&quot;eventAction&quot;:&quot;informatie&quot;,&quot;eventLabel&quot;:&quot;inclusief&quot;}\">Dahil Olmayanlar<\/span><\/strong><\/td>\n<td style=\"width: 655.817px;\"><i class=\"fa fa-check icon-tick icon-tick--on\"><\/i>Muze girisleri\n<p><i class=\"fa fa-check icon-tick icon-tick--on\"><\/i>Sahsi harcamalar<\/p>\n<p><i class=\"fa fa-check icon-tick icon-tick--on\"><\/i>Yemekler icin mekan tavsiyesi ve\/ya da rezervasyon yapilir<\/p><\/td>\n<\/tr>\n<tr>\n<td style=\"width: 271px;\"><strong><span id=\"toggle-3.0\" class=\"ttl1 gtm\" data-toggler=\"\" data-gtm-entry=\"{&quot;event&quot;:&quot;details accopagina&quot;,&quot;eventCategory&quot;:&quot;details accopagina&quot;,&quot;eventAction&quot;:&quot;informatie&quot;,&quot;eventLabel&quot;:&quot;inclusief&quot;}\">Fiyat Teklifi Icin<\/span><\/strong><\/td>\n<td style=\"width: 655.817px;\"><span id=\"result_box\" lang=\"nl\">Bize kisi sayinizi gezi tarihi ve program bildirin.<br \/>\n<\/span><\/td>\n<\/tr>\n<\/tbody>\n<\/table>\n","protected":false},"excerpt":{"rendered":"<p>Amsterdam: Bisiklet, tahta ayakkab\u0131lar, peynir, lale, yel de\u011firmeni, turuncu\u2026 Hollanda denildi\u011finde akla daha nicesi gelebilir, ama bu k\u00fcmeyi bir arada tutan, tam ortas\u0131na yerle\u015ftirilmesi gereken Amsterdam\u2019dan ba\u015fkas\u0131 de\u011fildir. Do\u011fayla uyum i\u00e7indeki mimarisi, \u00e7a\u011f\u0131 takip eden k\u00fclt\u00fcr ve sanat anlay\u0131\u015f\u0131, s\u0131n\u0131rlar\u0131 yaln\u0131zca sayg\u0131yla \u00e7izilmi\u015f \u00f6zg\u00fcrl\u00fck\u00e7\u00fc ya\u015fam anlay\u0131\u015f\u0131yla Amsterdam, g\u00f6nl\u00fcn\u00fcz\u00fcn ba\u015fkenti olmak i\u00e7in sizi bekliyor! Amsterdami daha<\/p>\n<div class=\"padding-top text-center\"><a href=\"https:\/\/www.travelhallo.com\/tr\/tours\/amsterdam\/\" class=\"atbtn atbtn--medium atbtn--rounded atbtn--transparent\">Lees meer..<i class=\"atbtn__icon atbtn__icon--right fa fa-long-arrow-right\"><\/i><\/a><\/div>\n","protected":false},"featured_media":1504,"comment_status":"open","ping_status":"closed","template":"","meta":[],"product_cat":[75],"product_tag":[],"_links":{"self":[{"href":"https:\/\/www.travelhallo.com\/tr\/wp-json\/wp\/v2\/product\/1498"}],"collection":[{"href":"https:\/\/www.travelhallo.com\/tr\/wp-json\/wp\/v2\/product"}],"about":[{"href":"https:\/\/www.travelhallo.com\/tr\/wp-json\/wp\/v2\/types\/product"}],"replies":[{"embeddable":true,"href":"https:\/\/www.travelhallo.com\/tr\/wp-json\/wp\/v2\/comments?post=1498"}],"wp:featuredmedia":[{"embeddable":true,"href":"https:\/\/www.travelhallo.com\/tr\/wp-json\/wp\/v2\/media\/1504"}],"wp:attachment":[{"href":"https:\/\/www.travelhallo.com\/tr\/wp-json\/wp\/v2\/media?parent=1498"}],"wp:term":[{"taxonomy":"product_cat","embeddable":true,"href":"https:\/\/www.travelhallo.com\/tr\/wp-json\/wp\/v2\/product_cat?post=1498"},{"taxonomy":"product_tag","embeddable":true,"href":"https:\/\/www.travelhallo.com\/tr\/wp-json\/wp\/v2\/product_tag?post=1498"}],"curies":[{"name":"wp","href":"https:\/\/api.w.org\/{rel}","templated":true}]}}