{"id":1596,"date":"2018-04-09T16:30:30","date_gmt":"2018-04-09T16:30:30","guid":{"rendered":"https:\/\/www.travelhallo.com\/?post_type=product&#038;p=1596"},"modified":"2022-12-21T23:24:08","modified_gmt":"2022-12-21T22:24:08","slug":"disneyland","status":"publish","type":"product","link":"https:\/\/www.travelhallo.com\/tr\/tours\/disneyland\/","title":{"rendered":"Disneyland"},"content":{"rendered":"<p>Disneyland &amp; Paris Turuyla Hayaller gercek oluyor&#8230;<\/p>\n<p>Avrupanin\u00a0 en buyuk atraksiyon parki ve sihirli dunyasina sizleri TRAVEL HALLO farkiyla goturuyoruz.<\/p>\n<p>&nbsp;<\/p>\n<p>Otobus binis noktalari: Amsterdam (guvenli ucretsiz parkyeri)Rotterdam Central Station (kolay ulasim)<\/p>\n<p>Tur Program\u0131<\/p>\n<p>1. G\u00fcn hareket (sabah 5.00Amsterdam-6.00Rotterdam)<\/p>\n<p>+\/-12.00 Parise var\u0131\u015f ve<br \/>\nDisneyland a Direk giris<br \/>\nSerbest zaman<br \/>\n22.30 Disneylandtan hareket<br \/>\nGeceleme Hotelde.<\/p>\n<p>2. G\u00fcn sabah kahvalt\u0131s\u0131ndan sonra<br \/>\nParis Sehir Turu<br \/>\nEyfel kulesi<br \/>\nSanselize caddesi<br \/>\nNotre dam<\/p>\n<p>Yol yaklasik 530km<br \/>\nParisten Rotterdama tahmini varis +\/- 20.00<br \/>\nAmsterdama tahmini varis +\/-21.00<\/p>\n<p>&nbsp;<\/p>\n<p>Daha bilincli daha keyifli ve zaman\/ulasim acisindan en keyifli sekilde tadini cikartmaniz icin TRAVEL HALLO olarak sizlere ozel bir tur programi sunuyoruz.<\/p>\n<section class=\"bcolor-black-6 border-bs-1\"><\/section>\n<p><!--more--><\/p>\n<p>&nbsp;<\/p>\n<table class=\"table table-bordered tours-tabs__table\" style=\"height: 233px; width: 948.817px;\">\n<tbody>\n<tr>\n<td style=\"width: 271px;\"><strong><span id=\"result_box\" class=\"short_text\" lang=\"nl\"><span class=\"ttl1 arrowup\" data-toggler=\"toggle-ALGEMEEN\">Genel<\/span><\/span><\/strong><\/td>\n<td style=\"width: 655.817px;\"><i class=\"fa fa-check icon-tick icon-tick--on\"><\/i>Kisisel ya da Grup Gezisi<br \/>\n<i class=\"fa fa-check icon-tick icon-tick--on\"><\/i>Otobus\u00a0 turu<br \/>\n<i class=\"fa fa-check icon-tick icon-tick--on\"><\/i> 2 Gun 1 Gece otelde konaklama<\/td>\n<\/tr>\n<tr>\n<td style=\"width: 271px;\"><strong><span id=\"result_box\" class=\"short_text\" lang=\"nl\"><span class=\"ttl1 arrowup\" data-toggler=\"toggle-1.1\">Dahil hizmetler<\/span><\/span><\/strong><\/td>\n<td style=\"width: 655.817px;\"><i class=\"fa fa-check icon-tick icon-tick--on\"><\/i>1 gece Hotel konaklama dahil\n<p><i class=\"fa fa-check icon-tick icon-tick--on\"><\/i> 1x\u00a0Hoteldeki Kahvalt\u0131 dahil<\/p>\n<p><i class=\"fa fa-check icon-tick icon-tick--on\"><\/i>Otob\u00fcs ile Transferler dahil<\/p>\n<p><i class=\"fa fa-check icon-tick icon-tick--on\"><\/i>Disneyland Transfer dahil<\/p>\n<p><i class=\"fa fa-check icon-tick icon-tick--on\"><\/i>Disneyland Park \u00fccreti dahil<\/p>\n<p><i class=\"fa fa-check icon-tick icon-tick--on\"><\/i>Panoramik \u015eehir Turu dahil<\/p>\n<p><i class=\"fa fa-check icon-tick icon-tick--on\"><\/i>T\u00fcrk\u00e7e Rehberlik dahil<\/p><\/td>\n<\/tr>\n<tr>\n<td style=\"width: 271px;\"><strong><span id=\"result_box\" class=\"short_text\" lang=\"nl\"><span id=\"toggle-1.2\" class=\"ttl1 gtm\" data-toggler=\"\" data-gtm-entry=\"{&quot;event&quot;:&quot;details accopagina&quot;,&quot;eventCategory&quot;:&quot;details accopagina&quot;,&quot;eventAction&quot;:&quot;informatie&quot;,&quot;eventLabel&quot;:&quot;goed om te weten&quot;}\">Onemli<\/span><\/span><\/strong><\/td>\n<td style=\"width: 655.817px;\"><span id=\"result_box\" class=\"short_text\" lang=\"nl\"><i class=\"fa fa-check icon-tick icon-tick--on\"><\/i>Binis Noktalarimiz Amsterdam(Aracinizi guvenli ucretsiz park edebilirsiniz.) \u00a0ve Rotterdam Central Station (Otobus ve trenle Kolay ulasim)<br \/>\n<i class=\"fa fa-check icon-tick icon-tick--on\"><\/i>Fiyatlarimiz cok uygun oldugundan cocuklar icin de\u00a0ayni fix fiyat<br \/>\n<i class=\"fa fa-check icon-tick icon-tick--on\"><\/i>165,- \u20ac ki\u015fi ba\u015f\u0131 \u00fccret (2\/3\/4\/5 kisilik oda)<\/span><\/td>\n<\/tr>\n<tr>\n<td style=\"width: 271px;\"><strong><span id=\"toggle-3.0\" class=\"ttl1 gtm\" data-toggler=\"\" data-gtm-entry=\"{&quot;event&quot;:&quot;details accopagina&quot;,&quot;eventCategory&quot;:&quot;details accopagina&quot;,&quot;eventAction&quot;:&quot;informatie&quot;,&quot;eventLabel&quot;:&quot;inclusief&quot;}\">Dahil Olmayanlar<\/span><\/strong><\/td>\n<td style=\"width: 655.817px;\"><i class=\"fa fa-check icon-tick icon-tick--on\"><\/i>Eyfel kulesi girisi, Sehir vergileri (city tax gecelik kisibasi 1\u20ac-3,50) tura dahil degildir.<\/td>\n<\/tr>\n<tr>\n<td style=\"width: 271px;\"><strong><span id=\"toggle-3.0\" class=\"ttl1 gtm\" data-toggler=\"\" data-gtm-entry=\"{&quot;event&quot;:&quot;details accopagina&quot;,&quot;eventCategory&quot;:&quot;details accopagina&quot;,&quot;eventAction&quot;:&quot;informatie&quot;,&quot;eventLabel&quot;:&quot;inclusief&quot;}\">\u00a0<\/span><\/strong><\/td>\n<td style=\"width: 655.817px;\"><span id=\"result_box\" lang=\"nl\"><br \/>\n<\/span><\/td>\n<\/tr>\n<\/tbody>\n<\/table>\n","protected":false},"excerpt":{"rendered":"<p>Disneyland &amp; Paris Turuyla Hayaller gercek oluyor&#8230; Avrupanin\u00a0 en buyuk atraksiyon parki ve sihirli dunyasina sizleri TRAVEL HALLO farkiyla goturuyoruz. &nbsp; Otobus binis noktalari: Amsterdam (guvenli ucretsiz parkyeri)Rotterdam Central Station (kolay ulasim) Tur Program\u0131 1. G\u00fcn hareket (sabah 5.00Amsterdam-6.00Rotterdam) +\/-12.00 Parise var\u0131\u015f ve Disneyland a Direk giris Serbest zaman 22.30 Disneylandtan hareket Geceleme Hotelde. 2.<\/p>\n<div class=\"padding-top text-center\"><a href=\"https:\/\/www.travelhallo.com\/tr\/tours\/disneyland\/\" class=\"atbtn atbtn--medium atbtn--rounded atbtn--transparent\">Lees meer..<i class=\"atbtn__icon atbtn__icon--right fa fa-long-arrow-right\"><\/i><\/a><\/div>\n","protected":false},"featured_media":1606,"comment_status":"open","ping_status":"closed","template":"","meta":[],"product_cat":[104],"product_tag":[93],"_links":{"self":[{"href":"https:\/\/www.travelhallo.com\/tr\/wp-json\/wp\/v2\/product\/1596"}],"collection":[{"href":"https:\/\/www.travelhallo.com\/tr\/wp-json\/wp\/v2\/product"}],"about":[{"href":"https:\/\/www.travelhallo.com\/tr\/wp-json\/wp\/v2\/types\/product"}],"replies":[{"embeddable":true,"href":"https:\/\/www.travelhallo.com\/tr\/wp-json\/wp\/v2\/comments?post=1596"}],"wp:featuredmedia":[{"embeddable":true,"href":"https:\/\/www.travelhallo.com\/tr\/wp-json\/wp\/v2\/media\/1606"}],"wp:attachment":[{"href":"https:\/\/www.travelhallo.com\/tr\/wp-json\/wp\/v2\/media?parent=1596"}],"wp:term":[{"taxonomy":"product_cat","embeddable":true,"href":"https:\/\/www.travelhallo.com\/tr\/wp-json\/wp\/v2\/product_cat?post=1596"},{"taxonomy":"product_tag","embeddable":true,"href":"https:\/\/www.travelhallo.com\/tr\/wp-json\/wp\/v2\/product_tag?post=1596"}],"curies":[{"name":"wp","href":"https:\/\/api.w.org\/{rel}","templated":true}]}}